{"id":3489,"date":"2025-01-09T13:45:05","date_gmt":"2025-01-09T13:45:05","guid":{"rendered":"https:\/\/pre-prod.analyticae.es\/?page_id=3489"},"modified":"2025-06-12T08:35:41","modified_gmt":"2025-06-12T08:35:41","slug":"home","status":"publish","type":"page","link":"https:\/\/pre-prod.analyticae.es\/en\/","title":{"rendered":"Home"},"content":{"rendered":"<p>Creemos en una relaci\u00f3n de colaboraci\u00f3n a largo plazo en la que aportamos nuestra experiencia y aplicamos las tecnolog\u00edas anal\u00edticas m\u00e1s recientes para permitirte tomar decisiones basadas en datos y lograr tus objetivos.<\/p>\n","protected":false},"excerpt":{"rendered":"<p>Creemos en una relaci\u00f3n de colaboraci\u00f3n a largo plazo en la que aportamos nuestra experiencia y aplicamos las tecnolog\u00edas anal\u00edticas m\u00e1s recientes para permitirte tomar decisiones basadas en datos y lograr tus objetivos.<\/p>\n","protected":false},"author":5,"featured_media":3518,"parent":0,"menu_order":0,"comment_status":"closed","ping_status":"closed","template":"templates-kimia\/template-home.php","meta":{"_acf_changed":false,"footnotes":""},"class_list":["post-3489","page","type-page","status-publish","has-post-thumbnail","hentry","entry"],"acf":[],"_links":{"self":[{"href":"https:\/\/pre-prod.analyticae.es\/en\/wp-json\/wp\/v2\/pages\/3489","targetHints":{"allow":["GET"]}}],"collection":[{"href":"https:\/\/pre-prod.analyticae.es\/en\/wp-json\/wp\/v2\/pages"}],"about":[{"href":"https:\/\/pre-prod.analyticae.es\/en\/wp-json\/wp\/v2\/types\/page"}],"author":[{"embeddable":true,"href":"https:\/\/pre-prod.analyticae.es\/en\/wp-json\/wp\/v2\/users\/5"}],"replies":[{"embeddable":true,"href":"https:\/\/pre-prod.analyticae.es\/en\/wp-json\/wp\/v2\/comments?post=3489"}],"version-history":[{"count":10,"href":"https:\/\/pre-prod.analyticae.es\/en\/wp-json\/wp\/v2\/pages\/3489\/revisions"}],"predecessor-version":[{"id":4080,"href":"https:\/\/pre-prod.analyticae.es\/en\/wp-json\/wp\/v2\/pages\/3489\/revisions\/4080"}],"wp:featuredmedia":[{"embeddable":true,"href":"https:\/\/pre-prod.analyticae.es\/en\/wp-json\/wp\/v2\/media\/3518"}],"wp:attachment":[{"href":"https:\/\/pre-prod.analyticae.es\/en\/wp-json\/wp\/v2\/media?parent=3489"}],"curies":[{"name":"wp","href":"https:\/\/api.w.org\/{rel}","templated":true}]}}