{"id":3504,"date":"2025-01-09T16:28:05","date_gmt":"2025-01-09T16:28:05","guid":{"rendered":"https:\/\/pre-prod.analyticae.es\/?page_id=3504"},"modified":"2025-06-13T11:52:07","modified_gmt":"2025-06-13T11:52:07","slug":"sobre-analyticae","status":"publish","type":"page","link":"https:\/\/pre-prod.analyticae.es\/en\/sobre-analyticae\/","title":{"rendered":"Nuestra Experiencia"},"content":{"rendered":"<p>La misi\u00f3n de Analyticae es ofrecer las t\u00e9cnicas de an\u00e1lisis e infraestructuras necesarias para que nuestros clientes alcancen sus objetivos de mejora y crecimiento, creando relaciones de colaboraci\u00f3n a largo plazo y acompa\u00f1\u00e1ndolos en todo el proceso anal\u00edtico, desde la reorganizaci\u00f3n de datos y la construcci\u00f3n de modelos de machine learning e IA hasta la toma de decisiones.<\/p>\n","protected":false},"excerpt":{"rendered":"<p>La misi\u00f3n de Analyticae es ofrecer las t\u00e9cnicas de an\u00e1lisis e infraestructuras necesarias para que nuestros clientes alcancen sus objetivos de mejora y crecimiento, creando relaciones de colaboraci\u00f3n a largo plazo y acompa\u00f1\u00e1ndolos en todo el proceso anal\u00edtico, desde la reorganizaci\u00f3n de datos y la construcci\u00f3n de modelos de machine learning e IA hasta la&hellip; <a class=\"more-link\" href=\"https:\/\/pre-prod.analyticae.es\/en\/sobre-analyticae\/\">Seguir leyendo <span class=\"screen-reader-text\">Nuestra Experiencia<\/span><\/a><\/p>\n","protected":false},"author":5,"featured_media":4098,"parent":0,"menu_order":0,"comment_status":"closed","ping_status":"closed","template":"templates-kimia\/template-about.php","meta":{"_acf_changed":false,"footnotes":""},"class_list":["post-3504","page","type-page","status-publish","has-post-thumbnail","hentry","entry"],"acf":[],"_links":{"self":[{"href":"https:\/\/pre-prod.analyticae.es\/en\/wp-json\/wp\/v2\/pages\/3504","targetHints":{"allow":["GET"]}}],"collection":[{"href":"https:\/\/pre-prod.analyticae.es\/en\/wp-json\/wp\/v2\/pages"}],"about":[{"href":"https:\/\/pre-prod.analyticae.es\/en\/wp-json\/wp\/v2\/types\/page"}],"author":[{"embeddable":true,"href":"https:\/\/pre-prod.analyticae.es\/en\/wp-json\/wp\/v2\/users\/5"}],"replies":[{"embeddable":true,"href":"https:\/\/pre-prod.analyticae.es\/en\/wp-json\/wp\/v2\/comments?post=3504"}],"version-history":[{"count":7,"href":"https:\/\/pre-prod.analyticae.es\/en\/wp-json\/wp\/v2\/pages\/3504\/revisions"}],"predecessor-version":[{"id":3930,"href":"https:\/\/pre-prod.analyticae.es\/en\/wp-json\/wp\/v2\/pages\/3504\/revisions\/3930"}],"wp:featuredmedia":[{"embeddable":true,"href":"https:\/\/pre-prod.analyticae.es\/en\/wp-json\/wp\/v2\/media\/4098"}],"wp:attachment":[{"href":"https:\/\/pre-prod.analyticae.es\/en\/wp-json\/wp\/v2\/media?parent=3504"}],"curies":[{"name":"wp","href":"https:\/\/api.w.org\/{rel}","templated":true}]}}