{"id":3508,"date":"2025-01-09T16:28:21","date_gmt":"2025-01-09T16:28:21","guid":{"rendered":"https:\/\/pre-prod.analyticae.es\/?page_id=3508"},"modified":"2025-03-07T11:06:47","modified_gmt":"2025-03-07T11:06:47","slug":"blog","status":"publish","type":"page","link":"https:\/\/pre-prod.analyticae.es\/en\/blog\/","title":{"rendered":"\u00daltimas noticias"},"content":{"rendered":"<p>Descubre lo mejor de nuestro blog: art\u00edculos seleccionados con la informaci\u00f3n m\u00e1s relevante, tendencias y gu\u00edas que no te puedes perder. \u00a1Explora y mantente al d\u00eda!<\/p>\n","protected":false},"excerpt":{"rendered":"<p>Descubre lo mejor de nuestro blog: art\u00edculos seleccionados con la informaci\u00f3n m\u00e1s relevante, tendencias y gu\u00edas que no te puedes perder. \u00a1Explora y mantente al d\u00eda!<\/p>\n","protected":false},"author":5,"featured_media":0,"parent":0,"menu_order":0,"comment_status":"closed","ping_status":"closed","template":"templates-kimia\/template-blog.php","meta":{"_acf_changed":false,"footnotes":""},"class_list":["post-3508","page","type-page","status-publish","hentry","entry"],"acf":[],"_links":{"self":[{"href":"https:\/\/pre-prod.analyticae.es\/en\/wp-json\/wp\/v2\/pages\/3508","targetHints":{"allow":["GET"]}}],"collection":[{"href":"https:\/\/pre-prod.analyticae.es\/en\/wp-json\/wp\/v2\/pages"}],"about":[{"href":"https:\/\/pre-prod.analyticae.es\/en\/wp-json\/wp\/v2\/types\/page"}],"author":[{"embeddable":true,"href":"https:\/\/pre-prod.analyticae.es\/en\/wp-json\/wp\/v2\/users\/5"}],"replies":[{"embeddable":true,"href":"https:\/\/pre-prod.analyticae.es\/en\/wp-json\/wp\/v2\/comments?post=3508"}],"version-history":[{"count":2,"href":"https:\/\/pre-prod.analyticae.es\/en\/wp-json\/wp\/v2\/pages\/3508\/revisions"}],"predecessor-version":[{"id":3864,"href":"https:\/\/pre-prod.analyticae.es\/en\/wp-json\/wp\/v2\/pages\/3508\/revisions\/3864"}],"wp:attachment":[{"href":"https:\/\/pre-prod.analyticae.es\/en\/wp-json\/wp\/v2\/media?parent=3508"}],"curies":[{"name":"wp","href":"https:\/\/api.w.org\/{rel}","templated":true}]}}