{"id":3683,"date":"2025-01-16T12:49:49","date_gmt":"2025-01-16T12:49:49","guid":{"rendered":"https:\/\/pre-prod.analyticae.es\/?page_id=3683"},"modified":"2025-06-13T10:49:40","modified_gmt":"2025-06-13T10:49:40","slug":"agentes-de-ia","status":"publish","type":"page","link":"https:\/\/pre-prod.analyticae.es\/en\/agentes-de-ia\/","title":{"rendered":"Agentes de IA"},"content":{"rendered":"<p>Las empresas est\u00e1n expuestas a un gran volumen de datos que tienen que almacenar, digerir, analizar y explotar. Pero esto cada vez es m\u00e1s complicado debido al volumen de informaci\u00f3n generado y las capacidades t\u00e9cnicas disponibles para analizar y extraer conclusiones que aporten valor en la toma de decisiones. Analyticae lleva a cabo proyectos en los que ayuda a las empresas en todas estas actividades:<\/p>\n<div class=\"bullets-points-container\">\n<div class=\"bullets-container block\">\n<div class=\"bullet-single\">\n<div class=\"bullet-check\">\n<img decoding=\"async\" src=\"https:\/\/pre-prod.analyticae.es\/wp-content\/uploads\/2025\/01\/green-check.svg\" alt=\"\" class=\"alignnone size-full wp-image-3598\" \/>\n<\/div>\n<div class=\"bullet-txt\">\nDise\u00f1a e implementa sistemas de informaci\u00f3n\n<\/div>\n<\/div>\n<div class=\"bullet-single\">\n<div class=\"bullet-check\">\n<img decoding=\"async\" src=\"https:\/\/pre-prod.analyticae.es\/wp-content\/uploads\/2025\/01\/green-check.svg\" alt=\"\" class=\"alignnone size-full wp-image-3598\" \/>\n<\/div>\n<div class=\"bullet-txt\">\nRecopila datos, los normaliza y crea estructuras que permiten tomar decisiones\n<\/div>\n<\/div>\n<\/div>\n<div class=\"bullets-container block\">\n<div class=\"bullet-single\">\n<div class=\"bullet-check\">\n<img decoding=\"async\" src=\"https:\/\/pre-prod.analyticae.es\/wp-content\/uploads\/2025\/01\/green-check.svg\" alt=\"\" class=\"alignnone size-full wp-image-3598\" \/>\n<\/div>\n<div class=\"bullet-txt\">\nCrea modelos de anal\u00edtica avanzada\n<\/div>\n<\/div>\n<div class=\"bullet-single\">\n<div class=\"bullet-check\">\n<img decoding=\"async\" src=\"https:\/\/pre-prod.analyticae.es\/wp-content\/uploads\/2025\/01\/green-check.svg\" alt=\"\" class=\"alignnone size-full wp-image-3598\" \/>\n<\/div>\n<div class=\"bullet-txt\">\nAyuda a los clientes a tomar \u2028decisiones acertadas\n<\/div>\n<\/div>\n<\/div>\n<\/div>\n","protected":false},"excerpt":{"rendered":"<p>Las empresas est\u00e1n expuestas a un gran volumen de datos que tienen que almacenar, digerir, analizar y explotar. Pero esto cada vez es m\u00e1s complicado debido al volumen de informaci\u00f3n generado y las capacidades t\u00e9cnicas disponibles para analizar y extraer conclusiones que aporten valor en la toma de decisiones. Analyticae lleva a cabo proyectos en&hellip; <a class=\"more-link\" href=\"https:\/\/pre-prod.analyticae.es\/en\/agentes-de-ia\/\">Seguir leyendo <span class=\"screen-reader-text\">Agentes de IA<\/span><\/a><\/p>\n","protected":false},"author":5,"featured_media":3684,"parent":0,"menu_order":0,"comment_status":"closed","ping_status":"closed","template":"templates-kimia\/template-data-science.php","meta":{"_acf_changed":false,"footnotes":""},"class_list":["post-3683","page","type-page","status-publish","has-post-thumbnail","hentry","entry"],"acf":[],"_links":{"self":[{"href":"https:\/\/pre-prod.analyticae.es\/en\/wp-json\/wp\/v2\/pages\/3683","targetHints":{"allow":["GET"]}}],"collection":[{"href":"https:\/\/pre-prod.analyticae.es\/en\/wp-json\/wp\/v2\/pages"}],"about":[{"href":"https:\/\/pre-prod.analyticae.es\/en\/wp-json\/wp\/v2\/types\/page"}],"author":[{"embeddable":true,"href":"https:\/\/pre-prod.analyticae.es\/en\/wp-json\/wp\/v2\/users\/5"}],"replies":[{"embeddable":true,"href":"https:\/\/pre-prod.analyticae.es\/en\/wp-json\/wp\/v2\/comments?post=3683"}],"version-history":[{"count":8,"href":"https:\/\/pre-prod.analyticae.es\/en\/wp-json\/wp\/v2\/pages\/3683\/revisions"}],"predecessor-version":[{"id":4094,"href":"https:\/\/pre-prod.analyticae.es\/en\/wp-json\/wp\/v2\/pages\/3683\/revisions\/4094"}],"wp:featuredmedia":[{"embeddable":true,"href":"https:\/\/pre-prod.analyticae.es\/en\/wp-json\/wp\/v2\/media\/3684"}],"wp:attachment":[{"href":"https:\/\/pre-prod.analyticae.es\/en\/wp-json\/wp\/v2\/media?parent=3683"}],"curies":[{"name":"wp","href":"https:\/\/api.w.org\/{rel}","templated":true}]}}