{"id":3832,"date":"2025-02-26T10:15:26","date_gmt":"2025-02-26T10:15:26","guid":{"rendered":"https:\/\/pre-prod.analyticae.es\/?page_id=3832"},"modified":"2025-02-26T10:15:26","modified_gmt":"2025-02-26T10:15:26","slug":"informacion-sobre-proteccion-de-datos","status":"publish","type":"page","link":"https:\/\/pre-prod.analyticae.es\/en\/informacion-sobre-proteccion-de-datos\/","title":{"rendered":"Informaci\u00f3n sobre protecci\u00f3n de datos"},"content":{"rendered":"<h2>INFORMACI\u00d3N SOBRE PROTECCI\u00d3N DE DATOS<\/h2>\n<ul>\n<li><strong>Responsable<\/strong>: Analyticae Data Mining S.L.<\/li>\n<li><strong>Finalidad<\/strong>: Responder consultas, gestionar los servicios ofrecidos y facilitar ofertas de productos y servicios.<\/li>\n<li><strong>Legitimaci\u00f3n<\/strong>: Consentimiento del interesado.<\/li>\n<li><strong> Destinatarios<\/strong>: Otras empresas del grupo. Encargados de tratamiento dentro y fuera de la UE, estos \u00faltimos acogidos a \u00abPrivacy Shield\u00bb<\/li>\n<li><strong>Derechos<\/strong>: Acceder, rectificar y suprimir datos, as\u00ed como otros derechos, como se explica en la informaci\u00f3n adicional.<\/li>\n<li><strong>Informaci\u00f3n adicional<\/strong>: Puede consultar la informaci\u00f3n adicional y detallada sobre protecci\u00f3n de datos en nuestra nuestro <a href=\"https:\/\/pre-prod.analyticae.es\/aviso-legal\/\">Aviso Legal y Protecci\u00f3n de Datos<\/a>.\n<\/li>\n<\/ul>\n","protected":false},"excerpt":{"rendered":"<p>INFORMACI\u00d3N SOBRE PROTECCI\u00d3N DE DATOS Responsable: Analyticae Data Mining S.L. Finalidad: Responder consultas, gestionar los servicios ofrecidos y facilitar ofertas de productos y servicios. Legitimaci\u00f3n: Consentimiento del interesado. Destinatarios: Otras empresas del grupo. Encargados de tratamiento dentro y fuera de la UE, estos \u00faltimos acogidos a \u00abPrivacy Shield\u00bb Derechos: Acceder, rectificar y suprimir datos, as\u00ed&hellip; <a class=\"more-link\" href=\"https:\/\/pre-prod.analyticae.es\/en\/informacion-sobre-proteccion-de-datos\/\">Seguir leyendo <span class=\"screen-reader-text\">Informaci\u00f3n sobre protecci\u00f3n de datos<\/span><\/a><\/p>\n","protected":false},"author":5,"featured_media":0,"parent":0,"menu_order":0,"comment_status":"closed","ping_status":"closed","template":"templates-kimia\/template-aviso-legal.php","meta":{"_acf_changed":false,"footnotes":""},"class_list":["post-3832","page","type-page","status-publish","hentry","entry"],"acf":[],"_links":{"self":[{"href":"https:\/\/pre-prod.analyticae.es\/en\/wp-json\/wp\/v2\/pages\/3832","targetHints":{"allow":["GET"]}}],"collection":[{"href":"https:\/\/pre-prod.analyticae.es\/en\/wp-json\/wp\/v2\/pages"}],"about":[{"href":"https:\/\/pre-prod.analyticae.es\/en\/wp-json\/wp\/v2\/types\/page"}],"author":[{"embeddable":true,"href":"https:\/\/pre-prod.analyticae.es\/en\/wp-json\/wp\/v2\/users\/5"}],"replies":[{"embeddable":true,"href":"https:\/\/pre-prod.analyticae.es\/en\/wp-json\/wp\/v2\/comments?post=3832"}],"version-history":[{"count":2,"href":"https:\/\/pre-prod.analyticae.es\/en\/wp-json\/wp\/v2\/pages\/3832\/revisions"}],"predecessor-version":[{"id":3834,"href":"https:\/\/pre-prod.analyticae.es\/en\/wp-json\/wp\/v2\/pages\/3832\/revisions\/3834"}],"wp:attachment":[{"href":"https:\/\/pre-prod.analyticae.es\/en\/wp-json\/wp\/v2\/media?parent=3832"}],"curies":[{"name":"wp","href":"https:\/\/api.w.org\/{rel}","templated":true}]}}